{"id":9,"date":"2023-02-23T14:25:21","date_gmt":"2023-02-23T13:25:21","guid":{"rendered":"https:\/\/dournon-art.com\/?page_id=9"},"modified":"2023-03-27T11:29:40","modified_gmt":"2023-03-27T09:29:40","slug":"accueil","status":"publish","type":"page","link":"https:\/\/dournon-art.com\/en\/","title":{"rendered":"Homepage"},"content":{"rendered":"<div data-elementor-type=\"wp-page\" data-elementor-id=\"9\" class=\"elementor elementor-9\">\n\t\t\t\t\t\t\t\t\t<section class=\"elementor-section elementor-top-section elementor-element elementor-element-4df53b3 elementor-section-full_width elementor-section-height-default elementor-section-height-default\" data-id=\"4df53b3\" data-element_type=\"section\">\n\t\t\t\t\t\t<div class=\"elementor-container elementor-column-gap-default\">\n\t\t\t\t\t<div class=\"elementor-column elementor-col-100 elementor-top-column elementor-element elementor-element-02d027f\" data-id=\"02d027f\" data-element_type=\"column\">\n\t\t\t<div class=\"elementor-widget-wrap elementor-element-populated\">\n\t\t\t\t\t\t\t\t<div class=\"elementor-element elementor-element-0d29eb9 elementor-widget elementor-widget-image\" data-id=\"0d29eb9\" data-element_type=\"widget\" id=\"hero-banner-img\" data-widget_type=\"image.default\">\n\t\t\t\t<div class=\"elementor-widget-container\">\n\t\t\t<style>\/*! elementor - v3.14.0 - 26-06-2023 *\/\n.elementor-widget-image{text-align:center}.elementor-widget-image a{display:inline-block}.elementor-widget-image a img[src$=\".svg\"]{width:48px}.elementor-widget-image img{vertical-align:middle;display:inline-block}<\/style>\t\t\t\t\t\t\t\t\t\t\t\t\t<a href=\"https:\/\/i0.wp.com\/dournon-art.com\/wp-content\/uploads\/2023\/03\/DP-n\u00b0950-cheveux-et-acrylique-sur-toile-130-x-195-m-Aout-2022.jpeg?ssl=1\" data-elementor-open-lightbox=\"yes\" data-elementor-lightbox-title=\"DP n\u00b0950     cheveux et acrylique sur toile  1,30 x 1,95 m   Aout 2022\" data-e-action-hash=\"#elementor-action%3Aaction%3Dlightbox%26settings%3DeyJpZCI6MzgwMywidXJsIjoiaHR0cHM6XC9cL2RvdXJub24tYXJ0LmNvbVwvd3AtY29udGVudFwvdXBsb2Fkc1wvMjAyM1wvMDNcL0RQLW5cdTAwYjA5NTAtY2hldmV1eC1ldC1hY3J5bGlxdWUtc3VyLXRvaWxlLTEzMC14LTE5NS1tLUFvdXQtMjAyMi5qcGVnIn0%3D\">\n\t\t\t\t\t\t\t<img loading=\"lazy\" decoding=\"async\" width=\"1280\" height=\"853\" src=\"https:\/\/i0.wp.com\/dournon-art.com\/wp-content\/uploads\/2023\/03\/DP-n\u00b0950-cheveux-et-acrylique-sur-toile-130-x-195-m-Aout-2022.jpeg?fit=1280%2C853&amp;ssl=1\" class=\"attachment-full size-full wp-image-3803\" alt=\"\" srcset=\"https:\/\/i0.wp.com\/dournon-art.com\/wp-content\/uploads\/2023\/03\/DP-n\u00b0950-cheveux-et-acrylique-sur-toile-130-x-195-m-Aout-2022.jpeg?w=1280&amp;ssl=1 1280w, https:\/\/i0.wp.com\/dournon-art.com\/wp-content\/uploads\/2023\/03\/DP-n\u00b0950-cheveux-et-acrylique-sur-toile-130-x-195-m-Aout-2022.jpeg?resize=300%2C200&amp;ssl=1 300w, https:\/\/i0.wp.com\/dournon-art.com\/wp-content\/uploads\/2023\/03\/DP-n\u00b0950-cheveux-et-acrylique-sur-toile-130-x-195-m-Aout-2022.jpeg?resize=1024%2C682&amp;ssl=1 1024w, https:\/\/i0.wp.com\/dournon-art.com\/wp-content\/uploads\/2023\/03\/DP-n\u00b0950-cheveux-et-acrylique-sur-toile-130-x-195-m-Aout-2022.jpeg?resize=768%2C512&amp;ssl=1 768w, https:\/\/i0.wp.com\/dournon-art.com\/wp-content\/uploads\/2023\/03\/DP-n\u00b0950-cheveux-et-acrylique-sur-toile-130-x-195-m-Aout-2022.jpeg?resize=18%2C12&amp;ssl=1 18w\" sizes=\"auto, (max-width: 1000px) 100vw, 1000px\" \/>\t\t\t\t\t\t\t\t<\/a>\n\t\t\t\t\t\t\t\t\t\t\t\t\t\t\t<\/div>\n\t\t\t\t<\/div>\n\t\t\t\t\t<\/div>\n\t\t<\/div>\n\t\t\t\t\t\t\t<\/div>\n\t\t<\/section>\n\t\t\t\t<section class=\"elementor-section elementor-top-section elementor-element elementor-element-a84a28f elementor-section-full_width elementor-section-height-default elementor-section-height-default\" data-id=\"a84a28f\" data-element_type=\"section\">\n\t\t\t\t\t\t<div class=\"elementor-container elementor-column-gap-default\">\n\t\t\t\t\t<div class=\"elementor-column elementor-col-100 elementor-top-column elementor-element elementor-element-c01b2b6\" data-id=\"c01b2b6\" data-element_type=\"column\">\n\t\t\t<div class=\"elementor-widget-wrap elementor-element-populated\">\n\t\t\t\t\t\t\t\t<div class=\"elementor-element elementor-element-aed2e67 legend-hero-banner elementor-widget elementor-widget-text-editor\" data-id=\"aed2e67\" data-element_type=\"widget\" data-widget_type=\"text-editor.default\">\n\t\t\t\t<div class=\"elementor-widget-container\">\n\t\t\t<style>\/*! elementor - v3.14.0 - 26-06-2023 *\/\n.elementor-widget-text-editor.elementor-drop-cap-view-stacked .elementor-drop-cap{background-color:#69727d;color:#fff}.elementor-widget-text-editor.elementor-drop-cap-view-framed .elementor-drop-cap{color:#69727d;border:3px solid;background-color:transparent}.elementor-widget-text-editor:not(.elementor-drop-cap-view-default) .elementor-drop-cap{margin-top:8px}.elementor-widget-text-editor:not(.elementor-drop-cap-view-default) .elementor-drop-cap-letter{width:1em;height:1em}.elementor-widget-text-editor .elementor-drop-cap{float:left;text-align:center;line-height:1;font-size:50px}.elementor-widget-text-editor .elementor-drop-cap-letter{display:inline-block}<\/style>\t\t\t\t<p class=\" translation-block\"><em>DP n\u00b0950 Avant Nommer : l\u2019<\/em>\u00c9<em>criture la Trace le Dessin, <\/em>hair and acrylic on canvas 130 x 195 cm august 2022, retail<\/p>\t\t\t\t\t\t<\/div>\n\t\t\t\t<\/div>\n\t\t\t\t\t<\/div>\n\t\t<\/div>\n\t\t\t\t\t\t\t<\/div>\n\t\t<\/section>\n\t\t\t\t<section class=\"elementor-section elementor-top-section elementor-element elementor-element-26eb750 elementor-section-boxed elementor-section-height-default elementor-section-height-default\" data-id=\"26eb750\" data-element_type=\"section\">\n\t\t\t\t\t\t<div class=\"elementor-container elementor-column-gap-default\">\n\t\t\t\t\t<div class=\"elementor-column elementor-col-100 elementor-top-column elementor-element elementor-element-b5ad091\" data-id=\"b5ad091\" data-element_type=\"column\">\n\t\t\t<div class=\"elementor-widget-wrap elementor-element-populated\">\n\t\t\t\t\t\t\t\t<div class=\"elementor-element elementor-element-6338457 elementor-widget elementor-widget-text-editor\" data-id=\"6338457\" data-element_type=\"widget\" id=\"home-citation\" data-widget_type=\"text-editor.default\">\n\t\t\t\t<div class=\"elementor-widget-container\">\n\t\t\t\t\t\t\t<p><em>\"To paint for me is to live as close as possible to the transformation of elements, whatever they may be, without the notion of learning or knowing and accepting the enjoyment of novelty... to eliminate the superfluous and paint only what must being, human matter in the paint matter, together in the cool. \u00bb<\/em><\/p>\t\t\t\t\t\t<\/div>\n\t\t\t\t<\/div>\n\t\t\t\t\t<\/div>\n\t\t<\/div>\n\t\t\t\t\t\t\t<\/div>\n\t\t<\/section>\n\t\t\t\t<section class=\"elementor-section elementor-top-section elementor-element elementor-element-dd10800 elementor-section-full_width elementor-section-content-top elementor-section-height-default elementor-section-height-default\" data-id=\"dd10800\" data-element_type=\"section\" id=\"container-home-second-screen\">\n\t\t\t\t\t\t<div class=\"elementor-container elementor-column-gap-default\">\n\t\t\t\t\t<div class=\"elementor-column elementor-col-50 elementor-top-column elementor-element elementor-element-1f460bb\" data-id=\"1f460bb\" data-element_type=\"column\">\n\t\t\t<div class=\"elementor-widget-wrap elementor-element-populated\">\n\t\t\t\t\t\t\t\t<div class=\"elementor-element elementor-element-f2527cf legend-hero-banner elementor-widget elementor-widget-image\" data-id=\"f2527cf\" data-element_type=\"widget\" id=\"photo-home-second-screen\" data-widget_type=\"image.default\">\n\t\t\t\t<div class=\"elementor-widget-container\">\n\t\t\t\t\t\t\t\t\t\t\t\t<figure class=\"wp-caption\">\n\t\t\t\t\t\t\t\t\t\t\t<a href=\"https:\/\/i0.wp.com\/dournon-art.com\/wp-content\/uploads\/2023\/03\/DD-n\u00b03344-crayons-de-papier-acrylique-pastels-secs-et-cheveux-75-x-105-cm-Juillet-2019-1.jpeg?ssl=1\" data-elementor-open-lightbox=\"yes\" data-elementor-lightbox-title=\"DD n\u00b03344  crayons de papier   acrylique  pastels secs et cheveux    75 x 105 cm  Juillet 2019\" data-e-action-hash=\"#elementor-action%3Aaction%3Dlightbox%26settings%3DeyJpZCI6MzgwNCwidXJsIjoiaHR0cHM6XC9cL2RvdXJub24tYXJ0LmNvbVwvd3AtY29udGVudFwvdXBsb2Fkc1wvMjAyM1wvMDNcL0RELW5cdTAwYjAzMzQ0LWNyYXlvbnMtZGUtcGFwaWVyLWFjcnlsaXF1ZS1wYXN0ZWxzLXNlY3MtZXQtY2hldmV1eC03NS14LTEwNS1jbS1KdWlsbGV0LTIwMTktMS5qcGVnIn0%3D\">\n\t\t\t\t\t\t\t<img loading=\"lazy\" decoding=\"async\" width=\"1280\" height=\"909\" src=\"https:\/\/i0.wp.com\/dournon-art.com\/wp-content\/uploads\/2023\/03\/DD-n\u00b03344-crayons-de-papier-acrylique-pastels-secs-et-cheveux-75-x-105-cm-Juillet-2019-1.jpeg?fit=1280%2C909&amp;ssl=1\" class=\"attachment-full size-full wp-image-3804\" alt=\"\" srcset=\"https:\/\/i0.wp.com\/dournon-art.com\/wp-content\/uploads\/2023\/03\/DD-n\u00b03344-crayons-de-papier-acrylique-pastels-secs-et-cheveux-75-x-105-cm-Juillet-2019-1.jpeg?w=1280&amp;ssl=1 1280w, https:\/\/i0.wp.com\/dournon-art.com\/wp-content\/uploads\/2023\/03\/DD-n\u00b03344-crayons-de-papier-acrylique-pastels-secs-et-cheveux-75-x-105-cm-Juillet-2019-1.jpeg?resize=300%2C213&amp;ssl=1 300w, https:\/\/i0.wp.com\/dournon-art.com\/wp-content\/uploads\/2023\/03\/DD-n\u00b03344-crayons-de-papier-acrylique-pastels-secs-et-cheveux-75-x-105-cm-Juillet-2019-1.jpeg?resize=1024%2C727&amp;ssl=1 1024w, https:\/\/i0.wp.com\/dournon-art.com\/wp-content\/uploads\/2023\/03\/DD-n\u00b03344-crayons-de-papier-acrylique-pastels-secs-et-cheveux-75-x-105-cm-Juillet-2019-1.jpeg?resize=768%2C545&amp;ssl=1 768w, https:\/\/i0.wp.com\/dournon-art.com\/wp-content\/uploads\/2023\/03\/DD-n\u00b03344-crayons-de-papier-acrylique-pastels-secs-et-cheveux-75-x-105-cm-Juillet-2019-1.jpeg?resize=18%2C12&amp;ssl=1 18w\" sizes=\"auto, (max-width: 1000px) 100vw, 1000px\" \/>\t\t\t\t\t\t\t\t<\/a>\n\t\t\t\t\t\t\t\t\t\t\t<figcaption class=\"widget-image-caption wp-caption-text\">DD n\u00b03344 pencil, acrylic dry pastels and hair, 75 x 105 cm July 2019<\/figcaption>\n\t\t\t\t\t\t\t\t\t\t<\/figure>\n\t\t\t\t\t\t\t\t\t<\/div>\n\t\t\t\t<\/div>\n\t\t\t\t\t<\/div>\n\t\t<\/div>\n\t\t\t\t<div class=\"elementor-column elementor-col-50 elementor-top-column elementor-element elementor-element-43cfafc\" data-id=\"43cfafc\" data-element_type=\"column\">\n\t\t\t<div class=\"elementor-widget-wrap elementor-element-populated\">\n\t\t\t\t\t\t\t\t<div class=\"elementor-element elementor-element-9d53712 animated-fast elementor-invisible elementor-widget elementor-widget-text-editor\" data-id=\"9d53712\" data-element_type=\"widget\" data-settings=\"{&quot;_animation&quot;:&quot;fadeInDown&quot;,&quot;_animation_delay&quot;:500}\" data-widget_type=\"text-editor.default\">\n\t\t\t\t<div class=\"elementor-widget-container\">\n\t\t\t\t\t\t\t<p>Jean-Jacques Dournon is a French painter born in Paris in 1953.<br>After studying at the School of Fine Arts in Saint-\u00c9tienne, he won the F\u00e9n\u00e9on prize in 1979.<br>The following year he was appointed resident of the French Academy in Rome and spent 2 years at the Villa Medici.<\/p>\n<p>In 1986, he spent 9 months in Madrid at the Casa de V\u00e9lasquez as a scholarship holder from the City of Paris.<\/p>\n<p>In 2006, the Museum of Contemporary Art in Seoul invited him for a 3-month artist residency.<\/p>\n<p class=\" translation-block\">2010 marks a turning point in his work. Abandoning the motif, he approaches interior landscapes most often guided by current events in the world. In 2007, the first hair stuck on canvas appeared. A few years later, this organic component will be mixed with sawdust, dust, ashes to create a new material specific to the artist. From this magma of the <em>Before Naming<\/em> appear the shapes before the pattern, as if Dournon's work went back in time to the creation of the world.<\/p>\t\t\t\t\t\t<\/div>\n\t\t\t\t<\/div>\n\t\t\t\t\t<\/div>\n\t\t<\/div>\n\t\t\t\t\t\t\t<\/div>\n\t\t<\/section>\n\t\t\t\t<section class=\"elementor-section elementor-top-section elementor-element elementor-element-e674043 elementor-section-boxed elementor-section-height-default elementor-section-height-default\" data-id=\"e674043\" data-element_type=\"section\">\n\t\t\t\t\t\t<div class=\"elementor-container elementor-column-gap-default\">\n\t\t\t\t\t<div class=\"elementor-column elementor-col-100 elementor-top-column elementor-element elementor-element-7b9691d\" data-id=\"7b9691d\" data-element_type=\"column\">\n\t\t\t<div class=\"elementor-widget-wrap elementor-element-populated\">\n\t\t\t\t\t\t\t\t<div class=\"elementor-element elementor-element-f65c3c1 elementor-align-center elementor-widget elementor-widget-button\" data-id=\"f65c3c1\" data-element_type=\"widget\" data-widget_type=\"button.default\">\n\t\t\t\t<div class=\"elementor-widget-container\">\n\t\t\t\t\t<div class=\"elementor-button-wrapper\">\n\t\t\t<a class=\"elementor-button elementor-button-link elementor-size-sm\" href=\"https:\/\/dournon-art.com\/en\/biographie\/\" id=\"button-jj\">\n\t\t\t\t\t\t<span class=\"elementor-button-content-wrapper\">\n\t\t\t\t\t\t<span class=\"elementor-button-text\">Read more<\/span>\n\t\t<\/span>\n\t\t\t\t\t<\/a>\n\t\t<\/div>\n\t\t\t\t<\/div>\n\t\t\t\t<\/div>\n\t\t\t\t\t<\/div>\n\t\t<\/div>\n\t\t\t\t\t\t\t<\/div>\n\t\t<\/section>\n\t\t\t\t\t\t\t<\/div>","protected":false},"excerpt":{"rendered":"<p>DP n\u00b0950 Avant Nommer : l&rsquo;\u00c9criture la Trace le Dessin, cheveux et acrylique sur toile 130 x 195 cm ao\u00fbt 2022, d\u00e9tail \u00ab Peindre pour moi c\u2019est vivre au plus pr\u00e8s de la transformation des \u00e9l\u00e9ments quels qu\u2019ils soient, sans notion d\u2019appris ou de savoir et accepter la jouissance de la nouveaut\u00e9&#8230; d\u2019\u00e9liminer le superflu &hellip;<\/p>\n<p class=\"read-more\"> <a class=\"\" href=\"https:\/\/dournon-art.com\/en\/\"> <span class=\"screen-reader-text\">Homepage<\/span> Read More &raquo;<\/a><\/p>","protected":false},"author":1,"featured_media":0,"parent":0,"menu_order":0,"comment_status":"closed","ping_status":"closed","template":"","meta":{"site-sidebar-layout":"no-sidebar","site-content-layout":"page-builder","ast-global-header-display":"","ast-main-header-display":"","ast-hfb-above-header-display":"","ast-hfb-below-header-display":"","ast-hfb-mobile-header-display":"","site-post-title":"disabled","ast-breadcrumbs-content":"","ast-featured-img":"disabled","footer-sml-layout":"","theme-transparent-header-meta":"","adv-header-id-meta":"","stick-header-meta":"","header-above-stick-meta":"","header-main-stick-meta":"","header-below-stick-meta":"","footnotes":""},"class_list":["post-9","page","type-page","status-publish","hentry"],"acf":[],"_links":{"self":[{"href":"https:\/\/dournon-art.com\/en\/wp-json\/wp\/v2\/pages\/9","targetHints":{"allow":["GET"]}}],"collection":[{"href":"https:\/\/dournon-art.com\/en\/wp-json\/wp\/v2\/pages"}],"about":[{"href":"https:\/\/dournon-art.com\/en\/wp-json\/wp\/v2\/types\/page"}],"author":[{"embeddable":true,"href":"https:\/\/dournon-art.com\/en\/wp-json\/wp\/v2\/users\/1"}],"replies":[{"embeddable":true,"href":"https:\/\/dournon-art.com\/en\/wp-json\/wp\/v2\/comments?post=9"}],"version-history":[{"count":336,"href":"https:\/\/dournon-art.com\/en\/wp-json\/wp\/v2\/pages\/9\/revisions"}],"predecessor-version":[{"id":3886,"href":"https:\/\/dournon-art.com\/en\/wp-json\/wp\/v2\/pages\/9\/revisions\/3886"}],"wp:attachment":[{"href":"https:\/\/dournon-art.com\/en\/wp-json\/wp\/v2\/media?parent=9"}],"curies":[{"name":"wp","href":"https:\/\/api.w.org\/{rel}","templated":true}]}}